{"id":24,"date":"2023-07-31T11:38:37","date_gmt":"2023-07-31T09:38:37","guid":{"rendered":"https:\/\/riadzoraida.com\/?page_id=24"},"modified":"2025-09-23T10:29:58","modified_gmt":"2025-09-23T08:29:58","slug":"galerie","status":"publish","type":"page","link":"https:\/\/riadzoraida.com\/fr\/galerie\/","title":{"rendered":"Galerie"},"content":{"rendered":"\t\t<div data-elementor-type=\"wp-page\" data-elementor-id=\"24\" class=\"elementor elementor-24\">\n\t\t\t\t\t\t<section class=\"elementor-section elementor-top-section elementor-element elementor-element-27ad3bde elementor-section-boxed elementor-section-height-default elementor-section-height-default\" data-id=\"27ad3bde\" data-element_type=\"section\">\n\t\t\t\t\t\t<div class=\"elementor-container elementor-column-gap-default\">\n\t\t\t\t\t<div class=\"elementor-column elementor-col-100 elementor-top-column elementor-element elementor-element-6fae8af7\" data-id=\"6fae8af7\" data-element_type=\"column\">\n\t\t\t<div class=\"elementor-widget-wrap elementor-element-populated\">\n\t\t\t\t\t\t<div class=\"elementor-element elementor-element-5c9f1176 elementor-widget elementor-widget-text-editor\" data-id=\"5c9f1176\" data-element_type=\"widget\" data-widget_type=\"text-editor.default\">\n\t\t\t\t<div class=\"elementor-widget-container\">\n\t\t\t\t\t\t\t\t\t<p>\t\t<div id=\"instagram-gallery-feed-0\" class=\"instagram-gallery-feed\" data-feed=\"{&quot;id&quot;:0,&quot;account_id&quot;:&quot;23876827971992033&quot;,&quot;source&quot;:&quot;username&quot;,&quot;tag&quot;:&quot;wordpress&quot;,&quot;order_by&quot;:&quot;top_media&quot;,&quot;layout&quot;:&quot;gallery&quot;,&quot;limit&quot;:24,&quot;columns&quot;:4,&quot;spacing&quot;:10,&quot;lazy&quot;:false,&quot;responsive&quot;:{&quot;desktop&quot;:{&quot;columns&quot;:3,&quot;spacing&quot;:10},&quot;tablet&quot;:{&quot;columns&quot;:2,&quot;spacing&quot;:8},&quot;mobile&quot;:{&quot;columns&quot;:1,&quot;spacing&quot;:6},&quot;breakpoints&quot;:{&quot;tablet&quot;:768,&quot;mobile&quot;:480}},&quot;aspect_ratio&quot;:{&quot;width&quot;:1,&quot;height&quot;:1},&quot;highlight&quot;:{&quot;tag&quot;:&quot;&quot;,&quot;id&quot;:&quot;&quot;,&quot;position&quot;:&quot;1,3,5&quot;},&quot;reel&quot;:{&quot;hide&quot;:false},&quot;copyright&quot;:{&quot;hide&quot;:false,&quot;placeholder&quot;:&quot;&quot;},&quot;profile&quot;:{&quot;display&quot;:false,&quot;username&quot;:&quot;&quot;,&quot;nickname&quot;:&quot;&quot;,&quot;website&quot;:&quot;&quot;,&quot;biography&quot;:&quot;&quot;,&quot;link_text&quot;:&quot;Follow&quot;,&quot;website_text&quot;:&quot;Website&quot;,&quot;avatar&quot;:&quot;&quot;},&quot;box&quot;:{&quot;display&quot;:false,&quot;padding&quot;:1,&quot;radius&quot;:0,&quot;background&quot;:&quot;#fefefe&quot;,&quot;profile&quot;:false,&quot;desc&quot;:&quot;&quot;,&quot;text_color&quot;:&quot;#000000&quot;},&quot;mask&quot;:{&quot;display&quot;:true,&quot;background&quot;:&quot;#000000&quot;,&quot;icon_color&quot;:&quot;#ffffff&quot;,&quot;likes_count&quot;:true,&quot;comments_count&quot;:true},&quot;card&quot;:{&quot;display&quot;:false,&quot;radius&quot;:1,&quot;font_size&quot;:12,&quot;background&quot;:&quot;#ffffff&quot;,&quot;background_hover&quot;:&quot;#ffffff&quot;,&quot;text_color&quot;:&quot;#000000&quot;,&quot;padding&quot;:5,&quot;likes_count&quot;:false,&quot;text_length&quot;:10,&quot;comments_count&quot;:false,&quot;text_align&quot;:&quot;left&quot;},&quot;carousel&quot;:{&quot;centered_slides&quot;:false,&quot;autoplay&quot;:false,&quot;autoplay_interval&quot;:3000,&quot;navarrows&quot;:true,&quot;navarrows_color&quot;:&quot;&quot;,&quot;pagination&quot;:true,&quot;pagination_color&quot;:&quot;&quot;},&quot;modal&quot;:{&quot;display&quot;:true,&quot;profile&quot;:true,&quot;media_description&quot;:true,&quot;likes_count&quot;:true,&quot;comments_count&quot;:true,&quot;comments_list&quot;:false,&quot;text_align&quot;:&quot;left&quot;,&quot;modal_align&quot;:&quot;right&quot;,&quot;text_length&quot;:10000,&quot;font_size&quot;:12},&quot;button&quot;:{&quot;display&quot;:true,&quot;text&quot;:&quot;View on Instagram&quot;,&quot;text_color&quot;:&quot;#ffff&quot;,&quot;background&quot;:&quot;&quot;,&quot;background_hover&quot;:&quot;&quot;},&quot;button_load&quot;:{&quot;display&quot;:false,&quot;text&quot;:&quot;Load more...&quot;,&quot;text_color&quot;:&quot;#ffff&quot;,&quot;background&quot;:&quot;&quot;,&quot;background_hover&quot;:&quot;&quot;}}\">\n\t\t<!-- <FeedContainer\/> -->\n\t\t<\/div>\n\t\t<\/p>\t\t\t\t\t\t\t\t<\/div>\n\t\t\t\t<\/div>\n\t\t\t\t\t<\/div>\n\t\t<\/div>\n\t\t\t\t\t<\/div>\n\t\t<\/section>\n\t\t\t\t<\/div>\n\t\t","protected":false},"excerpt":{"rendered":"","protected":false},"author":2,"featured_media":0,"parent":0,"menu_order":0,"comment_status":"closed","ping_status":"closed","template":"","meta":{"_monsterinsights_skip_tracking":false,"_monsterinsights_sitenote_active":false,"_monsterinsights_sitenote_note":"","_monsterinsights_sitenote_category":0,"footnotes":""},"class_list":["post-24","page","type-page","status-publish","hentry"],"yoast_head":"<!-- This site is optimized with the Yoast SEO plugin v27.1.1 - https:\/\/yoast.com\/product\/yoast-seo-wordpress\/ -->\n<title>Galerie - Riad &amp; SPA Zoraida Marrakech<\/title>\n<meta name=\"description\" content=\"Galerie photos du Riad &amp; SPA Zoraida situ\u00e9 \u00e0 Marrakech, Maroc. Destination id\u00e9ale ensoleill\u00e9e au coeur de la m\u00e9dina marocaine.\" \/>\n<meta name=\"robots\" content=\"index, follow, max-snippet:-1, max-image-preview:large, max-video-preview:-1\" \/>\n<link rel=\"canonical\" href=\"https:\/\/riadzoraida.com\/fr\/galerie\/\" \/>\n<meta property=\"og:locale\" content=\"fr_FR\" \/>\n<meta property=\"og:type\" content=\"article\" \/>\n<meta property=\"og:title\" content=\"Galerie - Riad &amp; SPA Zoraida Marrakech\" \/>\n<meta property=\"og:description\" content=\"Galerie photos du Riad &amp; SPA Zoraida situ\u00e9 \u00e0 Marrakech, Maroc. Destination id\u00e9ale ensoleill\u00e9e au coeur de la m\u00e9dina marocaine.\" \/>\n<meta property=\"og:url\" content=\"https:\/\/riadzoraida.com\/fr\/galerie\/\" \/>\n<meta property=\"og:site_name\" content=\"Riad &amp; SPA Zoraida Marrakech\" \/>\n<meta property=\"article:publisher\" content=\"https:\/\/www.facebook.com\/secretdezoraida\" \/>\n<meta property=\"article:modified_time\" content=\"2025-09-23T08:29:58+00:00\" \/>\n<meta name=\"twitter:card\" content=\"summary_large_image\" \/>\n<meta name=\"twitter:label1\" content=\"Dur\u00e9e de lecture estim\u00e9e\" \/>\n\t<meta name=\"twitter:data1\" content=\"1 minute\" \/>\n<script type=\"application\/ld+json\" class=\"yoast-schema-graph\">{\"@context\":\"https:\/\/schema.org\",\"@graph\":[{\"@type\":\"WebPage\",\"@id\":\"https:\/\/riadzoraida.com\/fr\/galerie\/\",\"url\":\"https:\/\/riadzoraida.com\/fr\/galerie\/\",\"name\":\"Galerie - Riad &amp; SPA Zoraida Marrakech\",\"isPartOf\":{\"@id\":\"https:\/\/riadzoraida.com\/fr\/#website\"},\"datePublished\":\"2023-07-31T09:38:37+00:00\",\"dateModified\":\"2025-09-23T08:29:58+00:00\",\"description\":\"Galerie photos du Riad & SPA Zoraida situ\u00e9 \u00e0 Marrakech, Maroc. Destination id\u00e9ale ensoleill\u00e9e au coeur de la m\u00e9dina marocaine.\",\"breadcrumb\":{\"@id\":\"https:\/\/riadzoraida.com\/fr\/galerie\/#breadcrumb\"},\"inLanguage\":\"fr-FR\",\"potentialAction\":[{\"@type\":\"ReadAction\",\"target\":[\"https:\/\/riadzoraida.com\/fr\/galerie\/\"]}]},{\"@type\":\"BreadcrumbList\",\"@id\":\"https:\/\/riadzoraida.com\/fr\/galerie\/#breadcrumb\",\"itemListElement\":[{\"@type\":\"ListItem\",\"position\":1,\"name\":\"Accueil\",\"item\":\"https:\/\/riadzoraida.com\/fr\/\"},{\"@type\":\"ListItem\",\"position\":2,\"name\":\"Galerie\"}]},{\"@type\":\"WebSite\",\"@id\":\"https:\/\/riadzoraida.com\/fr\/#website\",\"url\":\"https:\/\/riadzoraida.com\/fr\/\",\"name\":\"Riad & SPA Zoraida Marrakech\",\"description\":\"\",\"publisher\":{\"@id\":\"https:\/\/riadzoraida.com\/fr\/#organization\"},\"potentialAction\":[{\"@type\":\"SearchAction\",\"target\":{\"@type\":\"EntryPoint\",\"urlTemplate\":\"https:\/\/riadzoraida.com\/fr\/?s={search_term_string}\"},\"query-input\":{\"@type\":\"PropertyValueSpecification\",\"valueRequired\":true,\"valueName\":\"search_term_string\"}}],\"inLanguage\":\"fr-FR\"},{\"@type\":\"Organization\",\"@id\":\"https:\/\/riadzoraida.com\/fr\/#organization\",\"name\":\"Riad & SPA Zoraida Marrakech\",\"url\":\"https:\/\/riadzoraida.com\/fr\/\",\"logo\":{\"@type\":\"ImageObject\",\"inLanguage\":\"fr-FR\",\"@id\":\"https:\/\/riadzoraida.com\/fr\/#\/schema\/logo\/image\/\",\"url\":\"http:\/\/riadzoraida.com\/wp-content\/uploads\/2023\/07\/logo-riad-spa-zoraida-marrackech.png\",\"contentUrl\":\"http:\/\/riadzoraida.com\/wp-content\/uploads\/2023\/07\/logo-riad-spa-zoraida-marrackech.png\",\"width\":800,\"height\":652,\"caption\":\"Riad & SPA Zoraida Marrakech\"},\"image\":{\"@id\":\"https:\/\/riadzoraida.com\/fr\/#\/schema\/logo\/image\/\"},\"sameAs\":[\"https:\/\/www.facebook.com\/secretdezoraida\",\"https:\/\/www.instagram.com\/riadsecretdezoraida\",\"https:\/\/www.tripadvisor.fr\/Hotel_Review-g293734-d6650900-Reviews-Riad_Le_Secret_De_Zoraida-Marrakech_Marrakech_Safi.html\"]}]}<\/script>\n<!-- \/ Yoast SEO plugin. -->","yoast_head_json":{"title":"Galerie - Riad &amp; SPA Zoraida Marrakech","description":"Galerie photos du Riad & SPA Zoraida situ\u00e9 \u00e0 Marrakech, Maroc. Destination id\u00e9ale ensoleill\u00e9e au coeur de la m\u00e9dina marocaine.","robots":{"index":"index","follow":"follow","max-snippet":"max-snippet:-1","max-image-preview":"max-image-preview:large","max-video-preview":"max-video-preview:-1"},"canonical":"https:\/\/riadzoraida.com\/fr\/galerie\/","og_locale":"fr_FR","og_type":"article","og_title":"Galerie - Riad &amp; SPA Zoraida Marrakech","og_description":"Galerie photos du Riad & SPA Zoraida situ\u00e9 \u00e0 Marrakech, Maroc. Destination id\u00e9ale ensoleill\u00e9e au coeur de la m\u00e9dina marocaine.","og_url":"https:\/\/riadzoraida.com\/fr\/galerie\/","og_site_name":"Riad &amp; SPA Zoraida Marrakech","article_publisher":"https:\/\/www.facebook.com\/secretdezoraida","article_modified_time":"2025-09-23T08:29:58+00:00","twitter_card":"summary_large_image","twitter_misc":{"Dur\u00e9e de lecture estim\u00e9e":"1 minute"},"schema":{"@context":"https:\/\/schema.org","@graph":[{"@type":"WebPage","@id":"https:\/\/riadzoraida.com\/fr\/galerie\/","url":"https:\/\/riadzoraida.com\/fr\/galerie\/","name":"Galerie - Riad &amp; SPA Zoraida Marrakech","isPartOf":{"@id":"https:\/\/riadzoraida.com\/fr\/#website"},"datePublished":"2023-07-31T09:38:37+00:00","dateModified":"2025-09-23T08:29:58+00:00","description":"Galerie photos du Riad & SPA Zoraida situ\u00e9 \u00e0 Marrakech, Maroc. Destination id\u00e9ale ensoleill\u00e9e au coeur de la m\u00e9dina marocaine.","breadcrumb":{"@id":"https:\/\/riadzoraida.com\/fr\/galerie\/#breadcrumb"},"inLanguage":"fr-FR","potentialAction":[{"@type":"ReadAction","target":["https:\/\/riadzoraida.com\/fr\/galerie\/"]}]},{"@type":"BreadcrumbList","@id":"https:\/\/riadzoraida.com\/fr\/galerie\/#breadcrumb","itemListElement":[{"@type":"ListItem","position":1,"name":"Accueil","item":"https:\/\/riadzoraida.com\/fr\/"},{"@type":"ListItem","position":2,"name":"Galerie"}]},{"@type":"WebSite","@id":"https:\/\/riadzoraida.com\/fr\/#website","url":"https:\/\/riadzoraida.com\/fr\/","name":"Riad & SPA Zoraida Marrakech","description":"","publisher":{"@id":"https:\/\/riadzoraida.com\/fr\/#organization"},"potentialAction":[{"@type":"SearchAction","target":{"@type":"EntryPoint","urlTemplate":"https:\/\/riadzoraida.com\/fr\/?s={search_term_string}"},"query-input":{"@type":"PropertyValueSpecification","valueRequired":true,"valueName":"search_term_string"}}],"inLanguage":"fr-FR"},{"@type":"Organization","@id":"https:\/\/riadzoraida.com\/fr\/#organization","name":"Riad & SPA Zoraida Marrakech","url":"https:\/\/riadzoraida.com\/fr\/","logo":{"@type":"ImageObject","inLanguage":"fr-FR","@id":"https:\/\/riadzoraida.com\/fr\/#\/schema\/logo\/image\/","url":"http:\/\/riadzoraida.com\/wp-content\/uploads\/2023\/07\/logo-riad-spa-zoraida-marrackech.png","contentUrl":"http:\/\/riadzoraida.com\/wp-content\/uploads\/2023\/07\/logo-riad-spa-zoraida-marrackech.png","width":800,"height":652,"caption":"Riad & SPA Zoraida Marrakech"},"image":{"@id":"https:\/\/riadzoraida.com\/fr\/#\/schema\/logo\/image\/"},"sameAs":["https:\/\/www.facebook.com\/secretdezoraida","https:\/\/www.instagram.com\/riadsecretdezoraida","https:\/\/www.tripadvisor.fr\/Hotel_Review-g293734-d6650900-Reviews-Riad_Le_Secret_De_Zoraida-Marrakech_Marrakech_Safi.html"]}]}},"_links":{"self":[{"href":"https:\/\/riadzoraida.com\/fr\/wp-json\/wp\/v2\/pages\/24","targetHints":{"allow":["GET"]}}],"collection":[{"href":"https:\/\/riadzoraida.com\/fr\/wp-json\/wp\/v2\/pages"}],"about":[{"href":"https:\/\/riadzoraida.com\/fr\/wp-json\/wp\/v2\/types\/page"}],"author":[{"embeddable":true,"href":"https:\/\/riadzoraida.com\/fr\/wp-json\/wp\/v2\/users\/2"}],"replies":[{"embeddable":true,"href":"https:\/\/riadzoraida.com\/fr\/wp-json\/wp\/v2\/comments?post=24"}],"version-history":[{"count":15,"href":"https:\/\/riadzoraida.com\/fr\/wp-json\/wp\/v2\/pages\/24\/revisions"}],"predecessor-version":[{"id":3965,"href":"https:\/\/riadzoraida.com\/fr\/wp-json\/wp\/v2\/pages\/24\/revisions\/3965"}],"wp:attachment":[{"href":"https:\/\/riadzoraida.com\/fr\/wp-json\/wp\/v2\/media?parent=24"}],"curies":[{"name":"wp","href":"https:\/\/api.w.org\/{rel}","templated":true}]}}